{"id":961,"date":"2019-07-16T08:12:03","date_gmt":"2019-07-16T08:12:03","guid":{"rendered":"http:\/\/localhost\/bigger\/?page_id=961"},"modified":"2026-05-11T10:31:24","modified_gmt":"2026-05-11T10:31:24","slug":"projelerimiz","status":"publish","type":"page","link":"https:\/\/moreicmimarlik.com\/index.php\/projelerimiz\/","title":{"rendered":"Projelerimiz"},"content":{"rendered":"\t\t<div data-elementor-type=\"wp-post\" data-elementor-id=\"961\" class=\"elementor elementor-961\">\n\t\t\t\t\t\t<section class=\"elementor-section elementor-top-section elementor-element elementor-element-c0a2e2d elementor-section-boxed elementor-section-height-default elementor-section-height-default\" data-id=\"c0a2e2d\" data-element_type=\"section\" data-e-type=\"section\" data-settings=\"{&quot;background_background&quot;:&quot;classic&quot;}\">\n\t\t\t\t\t\t<div class=\"elementor-container elementor-column-gap-default\">\n\t\t\t\t\t<div class=\"elementor-column elementor-col-100 elementor-top-column elementor-element elementor-element-3967bbb\" data-id=\"3967bbb\" data-element_type=\"column\" data-e-type=\"column\">\n\t\t\t<div class=\"elementor-widget-wrap elementor-element-populated\">\n\t\t\t\t\t\t<div class=\"elementor-element elementor-element-e843d7e elementor-widget elementor-widget-heading\" data-id=\"e843d7e\" data-element_type=\"widget\" data-e-type=\"widget\" data-widget_type=\"heading.default\">\n\t\t\t\t\t<h6 class=\"elementor-heading-title elementor-size-default\">Projelerimiz<\/h6>\t\t\t\t<\/div>\n\t\t\t\t<div class=\"elementor-element elementor-element-45bae47 elementor-widget__width-initial elementor-widget elementor-widget-heading\" data-id=\"45bae47\" data-element_type=\"widget\" data-e-type=\"widget\" data-widget_type=\"heading.default\">\n\t\t\t\t\t<h2 class=\"elementor-heading-title elementor-size-default\">\u00d6zg\u00fcn Tasar\u0131mlarla Hayata Ge\u00e7en Projeler<\/h2>\t\t\t\t<\/div>\n\t\t\t\t<div class=\"elementor-element elementor-element-7151cdf elementor-widget elementor-widget-bigger-feature-project\" data-id=\"7151cdf\" data-element_type=\"widget\" data-e-type=\"widget\" data-widget_type=\"bigger-feature-project.default\">\n\t\t\t\t<div class=\"elementor-widget-container\">\n\t\t\t\t\t\t\t<div class=\"feature-project-wraper\">\r\n\t\t\t<div class=\"project-slider projects-feature\" data-show=\"1\" data-arrow=\"true\" data-dots=\"\" data-auto=\"\">\r\n\t\t\t\t\t\t        \t<div>\r\n\t\t                <div class=\"project-item\">\r\n\t\t                    <div class=\"inner\">\r\n\t\t                    \t\t\t\t                        <a href=\"https:\/\/moreicmimarlik.com\/index.php\/portfolio\/avenger-tower\/\">\r\n\t\t\t                        \t<img decoding=\"async\" class=\"\" src=\"https:\/\/moreicmimarlik.com\/wp-content\/uploads\/2019\/08\/SALIH-BEY-OFIS-1.jpg\" alt=\"Nova Workspace Ofis Projesi\">\r\n\t\t\t                        \t<div class=\"item-overlay\"><\/div>\r\n\t\t\t                        <\/a>\r\n\t\t                        \r\n\t\t                        <div class=\"title-cat\">\r\n\t\t                        \t<h4 class=\"text-light\">\r\n\t\t                                <a href=\"https:\/\/moreicmimarlik.com\/index.php\/portfolio\/avenger-tower\/\">Nova Workspace Ofis Projesi<\/a>\r\n\t\t                            <\/h4>\r\n\t\t                            <h6><\/h6>\r\n\t\t                        <\/div>\r\n\t\t                    <\/div>\r\n\t\t                <\/div>\r\n\t\t            <\/div>\r\n\t\t        \t\t\t<\/div>\r\n\t\t<\/div>\r\n\t    \t\t\t\t<\/div>\n\t\t\t\t<\/div>\n\t\t\t\t<div class=\"elementor-element elementor-element-cb17910 elementor-widget elementor-widget-spacer\" data-id=\"cb17910\" data-element_type=\"widget\" data-e-type=\"widget\" data-widget_type=\"spacer.default\">\n\t\t\t\t\t\t\t<div class=\"elementor-spacer\">\n\t\t\t<div class=\"elementor-spacer-inner\"><\/div>\n\t\t<\/div>\n\t\t\t\t\t\t<\/div>\n\t\t\t\t<div class=\"elementor-element elementor-element-f4e51ac elementor-widget elementor-widget-text-editor\" data-id=\"f4e51ac\" data-element_type=\"widget\" data-e-type=\"widget\" data-widget_type=\"text-editor.default\">\n\t\t\t\t\t\t\t\t\t<p data-pm-slice=\"1 1 []\">More \u0130\u00e7 Mimarl\u0131k olarak; estetik, i\u015flevsellik ve modern tasar\u0131m anlay\u0131\u015f\u0131n\u0131 bir araya getirdi\u011fimiz projelerle ya\u015fam alanlar\u0131n\u0131 yeniden yorumluyoruz.<\/p><p>Her projede kullan\u0131c\u0131 deneyimini \u00f6n planda tutarak \u00f6zg\u00fcn \u00e7\u00f6z\u00fcmler geli\u015ftiriyor, detay odakl\u0131 yakla\u015f\u0131m\u0131m\u0131zla fark yaratan mek\u00e2nlar tasarl\u0131yoruz.<\/p>\t\t\t\t\t\t\t\t<\/div>\n\t\t\t\t\t<\/div>\n\t\t<\/div>\n\t\t\t\t\t<\/div>\n\t\t<\/section>\n\t\t\t\t<section class=\"elementor-section elementor-top-section elementor-element elementor-element-69ca3cb elementor-section-boxed elementor-section-height-default elementor-section-height-default\" data-id=\"69ca3cb\" data-element_type=\"section\" data-e-type=\"section\">\n\t\t\t\t\t\t<div class=\"elementor-container elementor-column-gap-default\">\n\t\t\t\t\t<div class=\"elementor-column elementor-col-100 elementor-top-column elementor-element elementor-element-e4640f3\" data-id=\"e4640f3\" data-element_type=\"column\" data-e-type=\"column\">\n\t\t\t<div class=\"elementor-widget-wrap elementor-element-populated\">\n\t\t\t\t\t\t<div class=\"elementor-element elementor-element-2ca4807 elementor-widget elementor-widget-heading\" data-id=\"2ca4807\" data-element_type=\"widget\" data-e-type=\"widget\" data-widget_type=\"heading.default\">\n\t\t\t\t\t<h4 class=\"elementor-heading-title elementor-size-default\">T\u00fcm Projelerimiz<\/h4>\t\t\t\t<\/div>\n\t\t\t\t<div class=\"elementor-element elementor-element-9f363d8 elementor-widget elementor-widget-bigger-portfolio-filter\" data-id=\"9f363d8\" data-element_type=\"widget\" data-e-type=\"widget\" data-widget_type=\"bigger-portfolio-filter.default\">\n\t\t\t\t<div class=\"elementor-widget-container\">\n\t\t\t\t\t\t\t<div class=\"project-filter\" data-column=\"3\">\r\n\t\t\t        \t<div class=\"cat-filter\" id=\"filters\">\r\n                <a href=\"#\" data-filter=\"*\" class=\"filter-item all-cat selected\">Hepsi<\/a>\r\n                            <\/div>\r\n        \t\r\n\t        <div id=\"projects\" class=\"projects row\">\r\n\t            \t                <div class=\"project-item col-md-4 col-sm-6\">\r\n\t                    <div class=\"inner\">\r\n\t                    \t\r\n\t                        \t\t\t\t\t\t\t\t\r\n\t\t                        <a href=\"https:\/\/moreicmimarlik.com\/index.php\/portfolio\/modern-ofis-ve-calisma-alani-tasarimi\/\"><img fetchpriority=\"high\" decoding=\"async\" width=\"1920\" height=\"1010\" src=\"https:\/\/moreicmimarlik.com\/wp-content\/uploads\/2026\/05\/FABRIKA-IC-MEKAN-3.jpg\" class=\"attachment-post-thumbnail size-post-thumbnail wp-post-image\" alt=\"\" srcset=\"https:\/\/moreicmimarlik.com\/wp-content\/uploads\/2026\/05\/FABRIKA-IC-MEKAN-3.jpg 1920w, https:\/\/moreicmimarlik.com\/wp-content\/uploads\/2026\/05\/FABRIKA-IC-MEKAN-3-300x158.jpg 300w, https:\/\/moreicmimarlik.com\/wp-content\/uploads\/2026\/05\/FABRIKA-IC-MEKAN-3-1024x539.jpg 1024w, https:\/\/moreicmimarlik.com\/wp-content\/uploads\/2026\/05\/FABRIKA-IC-MEKAN-3-768x404.jpg 768w, https:\/\/moreicmimarlik.com\/wp-content\/uploads\/2026\/05\/FABRIKA-IC-MEKAN-3-1536x808.jpg 1536w\" sizes=\"(max-width: 1920px) 100vw, 1920px\" \/><div class=\"item-overlay\"><\/div><\/a> \r\n\r\n\t\t                        \r\n\t\t                        <div class=\"title-cat\">\r\n\t\t                        \t<h4 class=\"text-light\">\r\n\t\t                                <a href=\"https:\/\/moreicmimarlik.com\/index.php\/portfolio\/modern-ofis-ve-calisma-alani-tasarimi\/\">Modern Ofis ve \u00c7al\u0131\u015fma Alan\u0131 Tasar\u0131m\u0131<\/a>\r\n\t\t                            <\/h4>\r\n\t\t                            <h6><\/h6>\r\n\t\t                        <\/div>\r\n\r\n\t                    \t\t                    <\/div>\r\n\t                <\/div>\r\n\t            \t                <div class=\"project-item col-md-4 col-sm-6\">\r\n\t                    <div class=\"inner\">\r\n\t                    \t\r\n\t                        \t\t\t\t\t\t\t\t\r\n\t\t                        <a href=\"https:\/\/moreicmimarlik.com\/index.php\/portfolio\/adilcevaz-merkez-camii-projesi\/\"><img decoding=\"async\" width=\"3840\" height=\"2880\" src=\"https:\/\/moreicmimarlik.com\/wp-content\/uploads\/2026\/05\/ADILCEVAZ-CAMI-1.png\" class=\"attachment-post-thumbnail size-post-thumbnail wp-post-image\" alt=\"\" srcset=\"https:\/\/moreicmimarlik.com\/wp-content\/uploads\/2026\/05\/ADILCEVAZ-CAMI-1.png 3840w, https:\/\/moreicmimarlik.com\/wp-content\/uploads\/2026\/05\/ADILCEVAZ-CAMI-1-300x225.png 300w, https:\/\/moreicmimarlik.com\/wp-content\/uploads\/2026\/05\/ADILCEVAZ-CAMI-1-1024x768.png 1024w, https:\/\/moreicmimarlik.com\/wp-content\/uploads\/2026\/05\/ADILCEVAZ-CAMI-1-768x576.png 768w, https:\/\/moreicmimarlik.com\/wp-content\/uploads\/2026\/05\/ADILCEVAZ-CAMI-1-1536x1152.png 1536w, https:\/\/moreicmimarlik.com\/wp-content\/uploads\/2026\/05\/ADILCEVAZ-CAMI-1-2048x1536.png 2048w\" sizes=\"(max-width: 3840px) 100vw, 3840px\" \/><div class=\"item-overlay\"><\/div><\/a> \r\n\r\n\t\t                        \r\n\t\t                        <div class=\"title-cat\">\r\n\t\t                        \t<h4 class=\"text-light\">\r\n\t\t                                <a href=\"https:\/\/moreicmimarlik.com\/index.php\/portfolio\/adilcevaz-merkez-camii-projesi\/\">Adilcevaz Merkez Camii Projesi<\/a>\r\n\t\t                            <\/h4>\r\n\t\t                            <h6><\/h6>\r\n\t\t                        <\/div>\r\n\r\n\t                    \t\t                    <\/div>\r\n\t                <\/div>\r\n\t            \t                <div class=\"project-item col-md-4 col-sm-6\">\r\n\t                    <div class=\"inner\">\r\n\t                    \t\r\n\t                        \t\t\t\t\t\t\t\t\r\n\t\t                        <a href=\"https:\/\/moreicmimarlik.com\/index.php\/portfolio\/noble-suite-yatak-odasi-projesi\/\"><img decoding=\"async\" width=\"1440\" height=\"1080\" src=\"https:\/\/moreicmimarlik.com\/wp-content\/uploads\/2026\/05\/15036-23-SUAT-KESKIN-3.jpg\" class=\"attachment-post-thumbnail size-post-thumbnail wp-post-image\" alt=\"\" srcset=\"https:\/\/moreicmimarlik.com\/wp-content\/uploads\/2026\/05\/15036-23-SUAT-KESKIN-3.jpg 1440w, https:\/\/moreicmimarlik.com\/wp-content\/uploads\/2026\/05\/15036-23-SUAT-KESKIN-3-300x225.jpg 300w, https:\/\/moreicmimarlik.com\/wp-content\/uploads\/2026\/05\/15036-23-SUAT-KESKIN-3-1024x768.jpg 1024w, https:\/\/moreicmimarlik.com\/wp-content\/uploads\/2026\/05\/15036-23-SUAT-KESKIN-3-768x576.jpg 768w\" sizes=\"(max-width: 1440px) 100vw, 1440px\" \/><div class=\"item-overlay\"><\/div><\/a> \r\n\r\n\t\t                        \r\n\t\t                        <div class=\"title-cat\">\r\n\t\t                        \t<h4 class=\"text-light\">\r\n\t\t                                <a href=\"https:\/\/moreicmimarlik.com\/index.php\/portfolio\/noble-suite-yatak-odasi-projesi\/\">Noble Suite Yatak Odas\u0131 Projesi<\/a>\r\n\t\t                            <\/h4>\r\n\t\t                            <h6><\/h6>\r\n\t\t                        <\/div>\r\n\r\n\t                    \t\t                    <\/div>\r\n\t                <\/div>\r\n\t            \t                <div class=\"project-item col-md-4 col-sm-6\">\r\n\t                    <div class=\"inner\">\r\n\t                    \t\r\n\t                        \t\t\t\t\t\t\t\t\r\n\t\t                        <a href=\"https:\/\/moreicmimarlik.com\/index.php\/portfolio\/aura-living-ic-mekan-projesi\/\"><img loading=\"lazy\" decoding=\"async\" width=\"1920\" height=\"1080\" src=\"https:\/\/moreicmimarlik.com\/wp-content\/uploads\/2026\/05\/63946-5-RECEP-TOPAL-5.jpg\" class=\"attachment-post-thumbnail size-post-thumbnail wp-post-image\" alt=\"\" srcset=\"https:\/\/moreicmimarlik.com\/wp-content\/uploads\/2026\/05\/63946-5-RECEP-TOPAL-5.jpg 1920w, https:\/\/moreicmimarlik.com\/wp-content\/uploads\/2026\/05\/63946-5-RECEP-TOPAL-5-300x169.jpg 300w, https:\/\/moreicmimarlik.com\/wp-content\/uploads\/2026\/05\/63946-5-RECEP-TOPAL-5-1024x576.jpg 1024w, https:\/\/moreicmimarlik.com\/wp-content\/uploads\/2026\/05\/63946-5-RECEP-TOPAL-5-768x432.jpg 768w, https:\/\/moreicmimarlik.com\/wp-content\/uploads\/2026\/05\/63946-5-RECEP-TOPAL-5-1536x864.jpg 1536w\" sizes=\"(max-width: 1920px) 100vw, 1920px\" \/><div class=\"item-overlay\"><\/div><\/a> \r\n\r\n\t\t                        \r\n\t\t                        <div class=\"title-cat\">\r\n\t\t                        \t<h4 class=\"text-light\">\r\n\t\t                                <a href=\"https:\/\/moreicmimarlik.com\/index.php\/portfolio\/aura-living-ic-mekan-projesi\/\">Aura Living \u0130\u00e7 Mek\u00e2n Projesi<\/a>\r\n\t\t                            <\/h4>\r\n\t\t                            <h6><\/h6>\r\n\t\t                        <\/div>\r\n\r\n\t                    \t\t                    <\/div>\r\n\t                <\/div>\r\n\t            \t                <div class=\"project-item col-md-4 col-sm-6\">\r\n\t                    <div class=\"inner\">\r\n\t                    \t\r\n\t                        \t\t\t\t\t\t\t\t\r\n\t\t                        <a href=\"https:\/\/moreicmimarlik.com\/index.php\/portfolio\/lumina-house-ic-mekan-projesi\/\"><img loading=\"lazy\" decoding=\"async\" width=\"1920\" height=\"1080\" src=\"https:\/\/moreicmimarlik.com\/wp-content\/uploads\/2026\/05\/42589-15-ALI-YILMAZ-IC-MEKAN-RENDER-7.jpg\" class=\"attachment-post-thumbnail size-post-thumbnail wp-post-image\" alt=\"\" srcset=\"https:\/\/moreicmimarlik.com\/wp-content\/uploads\/2026\/05\/42589-15-ALI-YILMAZ-IC-MEKAN-RENDER-7.jpg 1920w, https:\/\/moreicmimarlik.com\/wp-content\/uploads\/2026\/05\/42589-15-ALI-YILMAZ-IC-MEKAN-RENDER-7-300x169.jpg 300w, https:\/\/moreicmimarlik.com\/wp-content\/uploads\/2026\/05\/42589-15-ALI-YILMAZ-IC-MEKAN-RENDER-7-1024x576.jpg 1024w, https:\/\/moreicmimarlik.com\/wp-content\/uploads\/2026\/05\/42589-15-ALI-YILMAZ-IC-MEKAN-RENDER-7-768x432.jpg 768w, https:\/\/moreicmimarlik.com\/wp-content\/uploads\/2026\/05\/42589-15-ALI-YILMAZ-IC-MEKAN-RENDER-7-1536x864.jpg 1536w\" sizes=\"(max-width: 1920px) 100vw, 1920px\" \/><div class=\"item-overlay\"><\/div><\/a> \r\n\r\n\t\t                        \r\n\t\t                        <div class=\"title-cat\">\r\n\t\t                        \t<h4 class=\"text-light\">\r\n\t\t                                <a href=\"https:\/\/moreicmimarlik.com\/index.php\/portfolio\/lumina-house-ic-mekan-projesi\/\">Lumina House \u0130\u00e7 Mek\u00e2n Projesi<\/a>\r\n\t\t                            <\/h4>\r\n\t\t                            <h6><\/h6>\r\n\t\t                        <\/div>\r\n\r\n\t                    \t\t                    <\/div>\r\n\t                <\/div>\r\n\t            \t                <div class=\"project-item col-md-4 col-sm-6\">\r\n\t                    <div class=\"inner\">\r\n\t                    \t\r\n\t                        \t\t\t\t\t\t\t\t\r\n\t\t                        <a href=\"https:\/\/moreicmimarlik.com\/index.php\/portfolio\/aura-residence-ic-mekan-projesi\/\"><img loading=\"lazy\" decoding=\"async\" width=\"1920\" height=\"1080\" src=\"https:\/\/moreicmimarlik.com\/wp-content\/uploads\/2026\/05\/48687-1-OSMAN-TURUDU-IC-MEKAN-EBEVEYN-YATAK-ODASI-2.jpg\" class=\"attachment-post-thumbnail size-post-thumbnail wp-post-image\" alt=\"\" srcset=\"https:\/\/moreicmimarlik.com\/wp-content\/uploads\/2026\/05\/48687-1-OSMAN-TURUDU-IC-MEKAN-EBEVEYN-YATAK-ODASI-2.jpg 1920w, https:\/\/moreicmimarlik.com\/wp-content\/uploads\/2026\/05\/48687-1-OSMAN-TURUDU-IC-MEKAN-EBEVEYN-YATAK-ODASI-2-300x169.jpg 300w, https:\/\/moreicmimarlik.com\/wp-content\/uploads\/2026\/05\/48687-1-OSMAN-TURUDU-IC-MEKAN-EBEVEYN-YATAK-ODASI-2-1024x576.jpg 1024w, https:\/\/moreicmimarlik.com\/wp-content\/uploads\/2026\/05\/48687-1-OSMAN-TURUDU-IC-MEKAN-EBEVEYN-YATAK-ODASI-2-768x432.jpg 768w, https:\/\/moreicmimarlik.com\/wp-content\/uploads\/2026\/05\/48687-1-OSMAN-TURUDU-IC-MEKAN-EBEVEYN-YATAK-ODASI-2-1536x864.jpg 1536w\" sizes=\"(max-width: 1920px) 100vw, 1920px\" \/><div class=\"item-overlay\"><\/div><\/a> \r\n\r\n\t\t                        \r\n\t\t                        <div class=\"title-cat\">\r\n\t\t                        \t<h4 class=\"text-light\">\r\n\t\t                                <a href=\"https:\/\/moreicmimarlik.com\/index.php\/portfolio\/aura-residence-ic-mekan-projesi\/\">Aura Residence \u0130\u00e7 Mek\u00e2n Projesi<\/a>\r\n\t\t                            <\/h4>\r\n\t\t                            <h6><\/h6>\r\n\t\t                        <\/div>\r\n\r\n\t                    \t\t                    <\/div>\r\n\t                <\/div>\r\n\t            \t                <div class=\"project-item col-md-4 col-sm-6\">\r\n\t                    <div class=\"inner\">\r\n\t                    \t\r\n\t                        \t\t\t\t\t\t\t\t\r\n\t\t                        <a href=\"https:\/\/moreicmimarlik.com\/index.php\/portfolio\/modern-kutuphane-ve-calisma-alani-tasarimi\/\"><img loading=\"lazy\" decoding=\"async\" width=\"1920\" height=\"1080\" src=\"https:\/\/moreicmimarlik.com\/wp-content\/uploads\/2026\/05\/METEREOLOJI-KOLEJ-METRO-KUTUPHANE-1.png\" class=\"attachment-post-thumbnail size-post-thumbnail wp-post-image\" alt=\"\" srcset=\"https:\/\/moreicmimarlik.com\/wp-content\/uploads\/2026\/05\/METEREOLOJI-KOLEJ-METRO-KUTUPHANE-1.png 1920w, https:\/\/moreicmimarlik.com\/wp-content\/uploads\/2026\/05\/METEREOLOJI-KOLEJ-METRO-KUTUPHANE-1-300x169.png 300w, https:\/\/moreicmimarlik.com\/wp-content\/uploads\/2026\/05\/METEREOLOJI-KOLEJ-METRO-KUTUPHANE-1-1024x576.png 1024w, https:\/\/moreicmimarlik.com\/wp-content\/uploads\/2026\/05\/METEREOLOJI-KOLEJ-METRO-KUTUPHANE-1-768x432.png 768w, https:\/\/moreicmimarlik.com\/wp-content\/uploads\/2026\/05\/METEREOLOJI-KOLEJ-METRO-KUTUPHANE-1-1536x864.png 1536w\" sizes=\"(max-width: 1920px) 100vw, 1920px\" \/><div class=\"item-overlay\"><\/div><\/a> \r\n\r\n\t\t                        \r\n\t\t                        <div class=\"title-cat\">\r\n\t\t                        \t<h4 class=\"text-light\">\r\n\t\t                                <a href=\"https:\/\/moreicmimarlik.com\/index.php\/portfolio\/modern-kutuphane-ve-calisma-alani-tasarimi\/\">Modern K\u00fct\u00fcphane ve \u00c7al\u0131\u015fma Alan\u0131 Tasar\u0131m\u0131<\/a>\r\n\t\t                            <\/h4>\r\n\t\t                            <h6><\/h6>\r\n\t\t                        <\/div>\r\n\r\n\t                    \t\t                    <\/div>\r\n\t                <\/div>\r\n\t            \t                <div class=\"project-item col-md-4 col-sm-6\">\r\n\t                    <div class=\"inner\">\r\n\t                    \t\r\n\t                        \t\t\t\t\t\t\t\t\r\n\t\t                        <a href=\"https:\/\/moreicmimarlik.com\/index.php\/portfolio\/avenger-tower\/\"><img loading=\"lazy\" decoding=\"async\" width=\"1920\" height=\"1080\" src=\"https:\/\/moreicmimarlik.com\/wp-content\/uploads\/2019\/08\/SALIH-BEY-OFIS-1.jpg\" class=\"attachment-post-thumbnail size-post-thumbnail wp-post-image\" alt=\"\" srcset=\"https:\/\/moreicmimarlik.com\/wp-content\/uploads\/2019\/08\/SALIH-BEY-OFIS-1.jpg 1920w, https:\/\/moreicmimarlik.com\/wp-content\/uploads\/2019\/08\/SALIH-BEY-OFIS-1-300x169.jpg 300w, https:\/\/moreicmimarlik.com\/wp-content\/uploads\/2019\/08\/SALIH-BEY-OFIS-1-1024x576.jpg 1024w, https:\/\/moreicmimarlik.com\/wp-content\/uploads\/2019\/08\/SALIH-BEY-OFIS-1-768x432.jpg 768w, https:\/\/moreicmimarlik.com\/wp-content\/uploads\/2019\/08\/SALIH-BEY-OFIS-1-1536x864.jpg 1536w\" sizes=\"(max-width: 1920px) 100vw, 1920px\" \/><div class=\"item-overlay\"><\/div><\/a> \r\n\r\n\t\t                        \r\n\t\t                        <div class=\"title-cat\">\r\n\t\t                        \t<h4 class=\"text-light\">\r\n\t\t                                <a href=\"https:\/\/moreicmimarlik.com\/index.php\/portfolio\/avenger-tower\/\">Nova Workspace Ofis Projesi<\/a>\r\n\t\t                            <\/h4>\r\n\t\t                            <h6><\/h6>\r\n\t\t                        <\/div>\r\n\r\n\t                    \t\t                    <\/div>\r\n\t                <\/div>\r\n\t            \t        <\/div>\r\n\t    <\/div>\r\n\t    \t\t\t\t<\/div>\n\t\t\t\t<\/div>\n\t\t\t\t\t<\/div>\n\t\t<\/div>\n\t\t\t\t\t<\/div>\n\t\t<\/section>\n\t\t\t\t<section class=\"elementor-section elementor-top-section elementor-element elementor-element-bf13f25 elementor-section-boxed elementor-section-height-default elementor-section-height-default\" data-id=\"bf13f25\" data-element_type=\"section\" data-e-type=\"section\">\n\t\t\t\t\t\t<div class=\"elementor-container elementor-column-gap-default\">\n\t\t\t\t\t<div class=\"elementor-column elementor-col-100 elementor-top-column elementor-element elementor-element-7f2b53e\" data-id=\"7f2b53e\" data-element_type=\"column\" data-e-type=\"column\">\n\t\t\t<div class=\"elementor-widget-wrap elementor-element-populated\">\n\t\t\t\t\t\t<div class=\"elementor-element elementor-element-b86f77e elementor-widget elementor-widget-spacer\" data-id=\"b86f77e\" data-element_type=\"widget\" data-e-type=\"widget\" data-widget_type=\"spacer.default\">\n\t\t\t\t\t\t\t<div class=\"elementor-spacer\">\n\t\t\t<div class=\"elementor-spacer-inner\"><\/div>\n\t\t<\/div>\n\t\t\t\t\t\t<\/div>\n\t\t\t\t<div class=\"elementor-element elementor-element-0313dc2 elementor-widget elementor-widget-image\" data-id=\"0313dc2\" data-element_type=\"widget\" data-e-type=\"widget\" data-widget_type=\"image.default\">\n\t\t\t\t\t\t\t\t\t\t\t\t\t\t\t<img loading=\"lazy\" decoding=\"async\" width=\"1920\" height=\"300\" src=\"https:\/\/moreicmimarlik.com\/wp-content\/uploads\/2026\/05\/raffina-sirketler.png\" class=\"attachment-full size-full wp-image-3379\" alt=\"raffina-sirketler\" srcset=\"https:\/\/moreicmimarlik.com\/wp-content\/uploads\/2026\/05\/raffina-sirketler.png 1920w, https:\/\/moreicmimarlik.com\/wp-content\/uploads\/2026\/05\/raffina-sirketler-300x47.png 300w, https:\/\/moreicmimarlik.com\/wp-content\/uploads\/2026\/05\/raffina-sirketler-1024x160.png 1024w, https:\/\/moreicmimarlik.com\/wp-content\/uploads\/2026\/05\/raffina-sirketler-768x120.png 768w, https:\/\/moreicmimarlik.com\/wp-content\/uploads\/2026\/05\/raffina-sirketler-1536x240.png 1536w\" sizes=\"(max-width: 1920px) 100vw, 1920px\" \/>\t\t\t\t\t\t\t\t\t\t\t\t\t\t\t<\/div>\n\t\t\t\t<div class=\"elementor-element elementor-element-c3ae710 elementor-widget elementor-widget-spacer\" data-id=\"c3ae710\" data-element_type=\"widget\" data-e-type=\"widget\" data-widget_type=\"spacer.default\">\n\t\t\t\t\t\t\t<div class=\"elementor-spacer\">\n\t\t\t<div class=\"elementor-spacer-inner\"><\/div>\n\t\t<\/div>\n\t\t\t\t\t\t<\/div>\n\t\t\t\t\t<\/div>\n\t\t<\/div>\n\t\t\t\t\t<\/div>\n\t\t<\/section>\n\t\t\t\t<\/div>\n\t\t","protected":false},"excerpt":{"rendered":"<p>Projelerimiz \u00d6zg\u00fcn Tasar\u0131mlarla Hayata Ge\u00e7en Projeler Nova Workspace Ofis Projesi More \u0130\u00e7 Mimarl\u0131k olarak; estetik, i\u015flevsellik ve modern tasar\u0131m anlay\u0131\u015f\u0131n\u0131 bir araya getirdi\u011fimiz projelerle ya\u015fam alanlar\u0131n\u0131 yeniden yorumluyoruz. Her projede kullan\u0131c\u0131 deneyimini \u00f6n planda tutarak \u00f6zg\u00fcn \u00e7\u00f6z\u00fcmler geli\u015ftiriyor, detay odakl\u0131 yakla\u015f\u0131m\u0131m\u0131zla fark yaratan mek\u00e2nlar tasarl\u0131yoruz. T\u00fcm Projelerimiz Hepsi Modern K\u00fct\u00fcphane ve \u00c7al\u0131\u015fma Alan\u0131 Tasar\u0131m\u0131 Modern [&hellip;]<\/p>\n","protected":false},"author":1,"featured_media":0,"parent":0,"menu_order":0,"comment_status":"closed","ping_status":"closed","template":"","meta":{"footnotes":""},"class_list":["post-961","page","type-page","status-publish","hentry"],"_links":{"self":[{"href":"https:\/\/moreicmimarlik.com\/index.php\/wp-json\/wp\/v2\/pages\/961","targetHints":{"allow":["GET"]}}],"collection":[{"href":"https:\/\/moreicmimarlik.com\/index.php\/wp-json\/wp\/v2\/pages"}],"about":[{"href":"https:\/\/moreicmimarlik.com\/index.php\/wp-json\/wp\/v2\/types\/page"}],"author":[{"embeddable":true,"href":"https:\/\/moreicmimarlik.com\/index.php\/wp-json\/wp\/v2\/users\/1"}],"replies":[{"embeddable":true,"href":"https:\/\/moreicmimarlik.com\/index.php\/wp-json\/wp\/v2\/comments?post=961"}],"version-history":[{"count":9,"href":"https:\/\/moreicmimarlik.com\/index.php\/wp-json\/wp\/v2\/pages\/961\/revisions"}],"predecessor-version":[{"id":3706,"href":"https:\/\/moreicmimarlik.com\/index.php\/wp-json\/wp\/v2\/pages\/961\/revisions\/3706"}],"wp:attachment":[{"href":"https:\/\/moreicmimarlik.com\/index.php\/wp-json\/wp\/v2\/media?parent=961"}],"curies":[{"name":"wp","href":"https:\/\/api.w.org\/{rel}","templated":true}]}}