{"id":1418,"date":"2019-07-26T03:29:12","date_gmt":"2019-07-26T03:29:12","guid":{"rendered":"http:\/\/localhost\/bigger\/?page_id=1418"},"modified":"2026-05-11T10:35:10","modified_gmt":"2026-05-11T10:35:10","slug":"iletisim","status":"publish","type":"page","link":"https:\/\/moreicmimarlik.com\/index.php\/iletisim\/","title":{"rendered":"\u0130leti\u015fim"},"content":{"rendered":"\t\t<div data-elementor-type=\"wp-post\" data-elementor-id=\"1418\" class=\"elementor elementor-1418\">\n\t\t\t\t\t\t<section class=\"elementor-section elementor-top-section elementor-element elementor-element-ad8b803 elementor-section-boxed elementor-section-height-default elementor-section-height-default\" data-id=\"ad8b803\" data-element_type=\"section\" data-e-type=\"section\" data-settings=\"{&quot;background_background&quot;:&quot;classic&quot;}\">\n\t\t\t\t\t\t<div class=\"elementor-container elementor-column-gap-default\">\n\t\t\t\t\t<div class=\"elementor-column elementor-col-50 elementor-top-column elementor-element elementor-element-2b81cf4\" data-id=\"2b81cf4\" data-element_type=\"column\" data-e-type=\"column\">\n\t\t\t<div class=\"elementor-widget-wrap elementor-element-populated\">\n\t\t\t\t\t\t<div class=\"elementor-element elementor-element-1c79a73 elementor-widget elementor-widget-heading\" data-id=\"1c79a73\" data-element_type=\"widget\" data-e-type=\"widget\" data-widget_type=\"heading.default\">\n\t\t\t\t\t<h6 class=\"elementor-heading-title elementor-size-default\">\u0130leti\u015fim\n<\/h6>\t\t\t\t<\/div>\n\t\t\t\t<div class=\"elementor-element elementor-element-0402246 elementor-widget__width-initial elementor-widget elementor-widget-heading\" data-id=\"0402246\" data-element_type=\"widget\" data-e-type=\"widget\" data-widget_type=\"heading.default\">\n\t\t\t\t\t<h2 class=\"elementor-heading-title elementor-size-default\">Bizimle \u0130leti\u015fime Ge\u00e7in\n<\/h2>\t\t\t\t<\/div>\n\t\t\t\t<div class=\"elementor-element elementor-element-45bfecb elementor-widget elementor-widget-text-editor\" data-id=\"45bfecb\" data-element_type=\"widget\" data-e-type=\"widget\" data-widget_type=\"text-editor.default\">\n\t\t\t\t\t\t\t\t\t<ul class=\"unstyle contact-info style-1\">\n \t<li><i class=\"fas fa-envelope-open\"><\/i>\u00a0<a href=\"mailto:bilgi@moreicmimarlik.com\">bilgi@moreicmimarlik.com<\/a><\/li>\n \t<li><i class=\"fas fa-headset\"><\/i>\u00a0<a href=\"tel:03129998895\">0312 999 88 95<\/a><\/li>\n \t<li><i class=\"fas fa-map-marked\"><\/i>\u00a0T\u00fcrkiye Ofis: K\u0131z\u0131l\u0131rmak Mah. 1443. Cad. No: 25 A 1071 Plaza Kat: 25 No: 165 06510 \u00c7ankaya \/ Ankara (<a href=\"https:\/\/maps.google.com\/?q=K%C4%B1z%C4%B1l%C4%B1rmak%20Mah.%201443.%20Cad.%20No:%2025%20A%201071%20Plaza%20Kat:%2025%20No:%20165%20%C3%87ankaya%20Ankara\" target=\"_blank\" rel=\"noopener\">Haritada G\u00f6r<\/a>)<\/li>\n<\/ul>\n<ul class=\"unstyle contact-info style-1\">\n \t<li><i class=\"fas fa-map-marked\"><\/i>\u00a0Tan\u0131t\u0131m Ofisi: Schillerstr. 13, D-27570 Bremerhaven, Germany \u00a0(<a href=\"https:\/\/maps.app.goo.gl\/ws9HceQ5cc52CMVi8\" target=\"_blank\" rel=\"noopener\">Haritada G\u00f6r<\/a>)<\/li>\n<\/ul>\t\t\t\t\t\t\t\t<\/div>\n\t\t\t\t<div class=\"elementor-element elementor-element-e62d254 elementor-widget-divider--view-line elementor-widget elementor-widget-divider\" data-id=\"e62d254\" data-element_type=\"widget\" data-e-type=\"widget\" data-widget_type=\"divider.default\">\n\t\t\t\t\t\t\t<div class=\"elementor-divider\">\n\t\t\t<span class=\"elementor-divider-separator\">\n\t\t\t\t\t\t<\/span>\n\t\t<\/div>\n\t\t\t\t\t\t<\/div>\n\t\t\t\t\t<\/div>\n\t\t<\/div>\n\t\t\t\t<div class=\"elementor-column elementor-col-50 elementor-top-column elementor-element elementor-element-64794a5\" data-id=\"64794a5\" data-element_type=\"column\" data-e-type=\"column\">\n\t\t\t<div class=\"elementor-widget-wrap elementor-element-populated\">\n\t\t\t\t\t\t<div class=\"elementor-element elementor-element-f0e6d28 elementor-widget__width-initial elementor-widget elementor-widget-heading\" data-id=\"f0e6d28\" data-element_type=\"widget\" data-e-type=\"widget\" data-widget_type=\"heading.default\">\n\t\t\t\t\t<h2 class=\"elementor-heading-title elementor-size-default\">\u0130leti\u015fim Formu<\/h2>\t\t\t\t<\/div>\n\t\t\t\t<div class=\"elementor-element elementor-element-6af51c3 elementor-widget-divider--view-line elementor-widget elementor-widget-divider\" data-id=\"6af51c3\" data-element_type=\"widget\" data-e-type=\"widget\" data-widget_type=\"divider.default\">\n\t\t\t\t\t\t\t<div class=\"elementor-divider\">\n\t\t\t<span class=\"elementor-divider-separator\">\n\t\t\t\t\t\t<\/span>\n\t\t<\/div>\n\t\t\t\t\t\t<\/div>\n\t\t\t\t<div class=\"elementor-element elementor-element-63e16a3 elementor-widget elementor-widget-shortcode\" data-id=\"63e16a3\" data-element_type=\"widget\" data-e-type=\"widget\" data-widget_type=\"shortcode.default\">\n\t\t\t\t\t\t\t<div class=\"elementor-shortcode\">\n<div class=\"wpcf7 no-js\" id=\"wpcf7-f6-o1\" lang=\"en-US\" dir=\"ltr\" data-wpcf7-id=\"6\">\n<div class=\"screen-reader-response\"><p role=\"status\" aria-live=\"polite\" aria-atomic=\"true\"><\/p> <ul><\/ul><\/div>\n<form action=\"\/index.php\/wp-json\/wp\/v2\/pages\/1418#wpcf7-f6-o1\" method=\"post\" class=\"wpcf7-form init\" aria-label=\"Contact form\" novalidate=\"novalidate\" data-status=\"init\">\n<fieldset class=\"hidden-fields-container\"><input type=\"hidden\" name=\"_wpcf7\" value=\"6\" \/><input type=\"hidden\" name=\"_wpcf7_version\" value=\"6.1.5\" \/><input type=\"hidden\" name=\"_wpcf7_locale\" value=\"en_US\" \/><input type=\"hidden\" name=\"_wpcf7_unit_tag\" value=\"wpcf7-f6-o1\" \/><input type=\"hidden\" name=\"_wpcf7_container_post\" value=\"0\" \/><input type=\"hidden\" name=\"_wpcf7_posted_data_hash\" value=\"\" \/>\n<\/fieldset>\n<div class=\"rams-form-inner\">\n\t<p><span class=\"wpcf7-form-control-wrap\" data-name=\"ad\"><input size=\"40\" maxlength=\"400\" class=\"wpcf7-form-control wpcf7-text wpcf7-validates-as-required\" aria-required=\"true\" aria-invalid=\"false\" placeholder=\"Ad\u0131n\u0131z\" value=\"\" type=\"text\" name=\"ad\" \/><\/span><br \/>\n<span class=\"wpcf7-form-control-wrap\" data-name=\"soyad\"><input size=\"40\" maxlength=\"400\" class=\"wpcf7-form-control wpcf7-text wpcf7-validates-as-required\" aria-required=\"true\" aria-invalid=\"false\" placeholder=\"Soyad\u0131n\u0131z\" value=\"\" type=\"text\" name=\"soyad\" \/><\/span><br \/>\n<span class=\"wpcf7-form-control-wrap\" data-name=\"email\"><input size=\"40\" maxlength=\"400\" class=\"wpcf7-form-control wpcf7-email wpcf7-validates-as-required wpcf7-text wpcf7-validates-as-email\" aria-required=\"true\" aria-invalid=\"false\" placeholder=\"E-Posta\" value=\"\" type=\"email\" name=\"email\" \/><\/span><br \/>\n<span class=\"wpcf7-form-control-wrap\" data-name=\"telefon\"><input size=\"40\" maxlength=\"400\" class=\"wpcf7-form-control wpcf7-tel wpcf7-validates-as-required wpcf7-text wpcf7-validates-as-tel\" aria-required=\"true\" aria-invalid=\"false\" placeholder=\"+90 5__ ___ __ __\" value=\"\" type=\"tel\" name=\"telefon\" \/><\/span>\n\t<\/p>\n\t<p class=\"rams-info\"><br \/>\nL\u00fctfen formu doldurmadan \u00f6nce <a href=\"\/index.php\/kvkk\">ayd\u0131nlatma metnini<\/a> okuyunuz.\n\t<\/p>\n\t<p><span class=\"wpcf7-form-control-wrap\" data-name=\"kvkk\"><span class=\"wpcf7-form-control wpcf7-acceptance\"><span class=\"wpcf7-list-item\"><label><input type=\"checkbox\" name=\"kvkk\" value=\"1\" checked=\"checked\" aria-invalid=\"false\" \/><span class=\"wpcf7-list-item-label\">Ayd\u0131nlatma metni do\u011frultusunda verilerimin pazarlama, reklam, kampanya ama\u00e7lar\u0131 ile i\u015flenmesine a\u00e7\u0131k izin veriyorum.<\/span><\/label><\/span><\/span><\/span>\n\t<\/p>\n\t<div class=\"rams-channels\">\n\t\t<p><span class=\"wpcf7-form-control-wrap\" data-name=\"iletisim-kanali\"><span class=\"wpcf7-form-control wpcf7-checkbox\"><span class=\"wpcf7-list-item first\"><label><input type=\"checkbox\" name=\"iletisim-kanali[]\" value=\"Sms\" checked=\"checked\" \/><span class=\"wpcf7-list-item-label\">Sms<\/span><\/label><\/span><span class=\"wpcf7-list-item\"><label><input type=\"checkbox\" name=\"iletisim-kanali[]\" value=\"E-Posta\" checked=\"checked\" \/><span class=\"wpcf7-list-item-label\">E-Posta<\/span><\/label><\/span><span class=\"wpcf7-list-item\"><label><input type=\"checkbox\" name=\"iletisim-kanali[]\" value=\"Telefon\" checked=\"checked\" \/><span class=\"wpcf7-list-item-label\">Telefon<\/span><\/label><\/span><span class=\"wpcf7-list-item last\"><label><input type=\"checkbox\" name=\"iletisim-kanali[]\" value=\"Whatsapp\" checked=\"checked\" \/><span class=\"wpcf7-list-item-label\">Whatsapp<\/span><\/label><\/span><\/span><\/span>\n\t\t<\/p>\n\t<\/div>\n\t<p><span class=\"wpcf7-form-control-wrap\" data-name=\"ticari\"><span class=\"wpcf7-form-control wpcf7-acceptance optional\"><span class=\"wpcf7-list-item\"><label><input type=\"checkbox\" name=\"ticari\" value=\"1\" aria-invalid=\"false\" \/><span class=\"wpcf7-list-item-label\">Ticari elektronik ileti metnini okudum, onayl\u0131yorum.<\/span><\/label><\/span><\/span><\/span>\n\t<\/p>\n\t<p><input class=\"wpcf7-form-control wpcf7-submit has-spinner rafina-submit-btn\" id=\"rafinaSubmit\" type=\"submit\" value=\"TALEP G\u00d6NDER\" \/>\n\t<\/p>\n<\/div><p style=\"display: none !important;\" class=\"akismet-fields-container\" data-prefix=\"_wpcf7_ak_\"><label>\u0394<textarea name=\"_wpcf7_ak_hp_textarea\" cols=\"45\" rows=\"8\" maxlength=\"100\"><\/textarea><\/label><input type=\"hidden\" id=\"ak_js_1\" name=\"_wpcf7_ak_js\" value=\"184\"\/><script type=\"text\/javascript\">\n\/* <![CDATA[ *\/\ndocument.getElementById( \"ak_js_1\" ).setAttribute( \"value\", ( new Date() ).getTime() );\n\/* ]]> *\/\n<\/script>\n<\/p><div class=\"wpcf7-response-output\" aria-hidden=\"true\"><\/div>\n<\/form>\n<\/div>\n<\/div>\n\t\t\t\t\t\t<\/div>\n\t\t\t\t\t<\/div>\n\t\t<\/div>\n\t\t\t\t\t<\/div>\n\t\t<\/section>\n\t\t\t\t<section class=\"elementor-section elementor-top-section elementor-element elementor-element-19aadde elementor-section-boxed elementor-section-height-default elementor-section-height-default\" data-id=\"19aadde\" data-element_type=\"section\" data-e-type=\"section\">\n\t\t\t\t\t\t<div class=\"elementor-container elementor-column-gap-default\">\n\t\t\t\t\t<div class=\"elementor-column elementor-col-50 elementor-top-column elementor-element elementor-element-7d56829\" data-id=\"7d56829\" data-element_type=\"column\" data-e-type=\"column\">\n\t\t\t<div class=\"elementor-widget-wrap elementor-element-populated\">\n\t\t\t\t\t\t<div class=\"elementor-element elementor-element-f3d3523 elementor-widget elementor-widget-heading\" data-id=\"f3d3523\" data-element_type=\"widget\" data-e-type=\"widget\" data-widget_type=\"heading.default\">\n\t\t\t\t\t<h4 class=\"elementor-heading-title elementor-size-default\">T\u00fcrkiye Ofis Konumumuz:<\/h4>\t\t\t\t<\/div>\n\t\t\t\t<div class=\"elementor-element elementor-element-23795a8 elementor-widget elementor-widget-google_maps\" data-id=\"23795a8\" data-element_type=\"widget\" data-e-type=\"widget\" data-widget_type=\"google_maps.default\">\n\t\t\t\t\t\t\t<div class=\"elementor-custom-embed\">\n\t\t\t<iframe loading=\"lazy\"\n\t\t\t\t\tsrc=\"https:\/\/maps.google.com\/maps?q=RT%20STUDIO%20M%C4%B0MARLIK&t=m&z=17&output=embed&iwloc=near\"\n\t\t\t\t\ttitle=\"RT STUDIO M\u0130MARLIK\"\n\t\t\t\t\taria-label=\"RT STUDIO M\u0130MARLIK\"\n\t\t\t><\/iframe>\n\t\t<\/div>\n\t\t\t\t\t\t<\/div>\n\t\t\t\t\t<\/div>\n\t\t<\/div>\n\t\t\t\t<div class=\"elementor-column elementor-col-50 elementor-top-column elementor-element elementor-element-2ce046f\" data-id=\"2ce046f\" data-element_type=\"column\" data-e-type=\"column\">\n\t\t\t<div class=\"elementor-widget-wrap elementor-element-populated\">\n\t\t\t\t\t\t<div class=\"elementor-element elementor-element-f72729b elementor-widget elementor-widget-heading\" data-id=\"f72729b\" data-element_type=\"widget\" data-e-type=\"widget\" data-widget_type=\"heading.default\">\n\t\t\t\t\t<h4 class=\"elementor-heading-title elementor-size-default\">Almanya Ofis Konumumuz:<\/h4>\t\t\t\t<\/div>\n\t\t\t\t<div class=\"elementor-element elementor-element-89d5c28 elementor-widget elementor-widget-google_maps\" data-id=\"89d5c28\" data-element_type=\"widget\" data-e-type=\"widget\" data-widget_type=\"google_maps.default\">\n\t\t\t\t\t\t\t<div class=\"elementor-custom-embed\">\n\t\t\t<iframe loading=\"lazy\"\n\t\t\t\t\tsrc=\"https:\/\/maps.google.com\/maps?q=Schillerstra%C3%9Fe%2013%2C%2027570%20Bremerhaven%2C%20Almanya&t=m&z=17&output=embed&iwloc=near\"\n\t\t\t\t\ttitle=\"Schillerstra\u00dfe 13, 27570 Bremerhaven, Almanya\"\n\t\t\t\t\taria-label=\"Schillerstra\u00dfe 13, 27570 Bremerhaven, Almanya\"\n\t\t\t><\/iframe>\n\t\t<\/div>\n\t\t\t\t\t\t<\/div>\n\t\t\t\t\t<\/div>\n\t\t<\/div>\n\t\t\t\t\t<\/div>\n\t\t<\/section>\n\t\t\t\t<\/div>\n\t\t","protected":false},"excerpt":{"rendered":"<p>\u0130leti\u015fim Bizimle \u0130leti\u015fime Ge\u00e7in \u00a0bilgi@moreicmimarlik.com \u00a00312 999 88 95 \u00a0T\u00fcrkiye Ofis: K\u0131z\u0131l\u0131rmak Mah. 1443. Cad. No: 25 A 1071 Plaza Kat: 25 No: 165 06510 \u00c7ankaya \/ Ankara (Haritada G\u00f6r) \u00a0Tan\u0131t\u0131m Ofisi: Schillerstr. 13, D-27570 Bremerhaven, Germany \u00a0(Haritada G\u00f6r) \u0130leti\u015fim Formu T\u00fcrkiye Ofis Konumumuz: Almanya Ofis Konumumuz:<\/p>\n","protected":false},"author":1,"featured_media":0,"parent":0,"menu_order":0,"comment_status":"closed","ping_status":"closed","template":"","meta":{"footnotes":""},"class_list":["post-1418","page","type-page","status-publish","hentry"],"_links":{"self":[{"href":"https:\/\/moreicmimarlik.com\/index.php\/wp-json\/wp\/v2\/pages\/1418","targetHints":{"allow":["GET"]}}],"collection":[{"href":"https:\/\/moreicmimarlik.com\/index.php\/wp-json\/wp\/v2\/pages"}],"about":[{"href":"https:\/\/moreicmimarlik.com\/index.php\/wp-json\/wp\/v2\/types\/page"}],"author":[{"embeddable":true,"href":"https:\/\/moreicmimarlik.com\/index.php\/wp-json\/wp\/v2\/users\/1"}],"replies":[{"embeddable":true,"href":"https:\/\/moreicmimarlik.com\/index.php\/wp-json\/wp\/v2\/comments?post=1418"}],"version-history":[{"count":10,"href":"https:\/\/moreicmimarlik.com\/index.php\/wp-json\/wp\/v2\/pages\/1418\/revisions"}],"predecessor-version":[{"id":3713,"href":"https:\/\/moreicmimarlik.com\/index.php\/wp-json\/wp\/v2\/pages\/1418\/revisions\/3713"}],"wp:attachment":[{"href":"https:\/\/moreicmimarlik.com\/index.php\/wp-json\/wp\/v2\/media?parent=1418"}],"curies":[{"name":"wp","href":"https:\/\/api.w.org\/{rel}","templated":true}]}}