{"id":1317,"date":"2019-07-24T03:43:37","date_gmt":"2019-07-24T03:43:37","guid":{"rendered":"http:\/\/localhost\/bigger\/?page_id=1317"},"modified":"2026-05-11T08:47:43","modified_gmt":"2026-05-11T08:47:43","slug":"kariyer","status":"publish","type":"page","link":"https:\/\/moreicmimarlik.com\/index.php\/kariyer\/","title":{"rendered":"Kariyer"},"content":{"rendered":"\t\t<div data-elementor-type=\"wp-post\" data-elementor-id=\"1317\" class=\"elementor elementor-1317\">\n\t\t\t\t\t\t<section class=\"elementor-section elementor-top-section elementor-element elementor-element-d607c46 elementor-section-boxed elementor-section-height-default elementor-section-height-default\" data-id=\"d607c46\" data-element_type=\"section\" data-e-type=\"section\" data-settings=\"{&quot;background_background&quot;:&quot;classic&quot;}\">\n\t\t\t\t\t\t<div class=\"elementor-container elementor-column-gap-default\">\n\t\t\t\t\t<div class=\"elementor-column elementor-col-50 elementor-top-column elementor-element elementor-element-67a36de\" data-id=\"67a36de\" data-element_type=\"column\" data-e-type=\"column\">\n\t\t\t<div class=\"elementor-widget-wrap elementor-element-populated\">\n\t\t\t\t\t\t<div class=\"elementor-element elementor-element-b047a3d elementor-widget elementor-widget-heading\" data-id=\"b047a3d\" data-element_type=\"widget\" data-e-type=\"widget\" data-widget_type=\"heading.default\">\n\t\t\t\t\t<h6 class=\"elementor-heading-title elementor-size-default\">H\u0130ZMETLER\u0130M\u0130Z<\/h6>\t\t\t\t<\/div>\n\t\t\t\t<div class=\"elementor-element elementor-element-6133ad0 elementor-widget__width-initial elementor-widget elementor-widget-heading\" data-id=\"6133ad0\" data-element_type=\"widget\" data-e-type=\"widget\" data-widget_type=\"heading.default\">\n\t\t\t\t\t<h2 class=\"elementor-heading-title elementor-size-default\">Ekibimizin Bir Par\u00e7as\u0131 Olun\n<\/h2>\t\t\t\t<\/div>\n\t\t\t\t<div class=\"elementor-element elementor-element-078a0aa elementor-widget-divider--view-line elementor-widget elementor-widget-divider\" data-id=\"078a0aa\" data-element_type=\"widget\" data-e-type=\"widget\" data-widget_type=\"divider.default\">\n\t\t\t\t\t\t\t<div class=\"elementor-divider\">\n\t\t\t<span class=\"elementor-divider-separator\">\n\t\t\t\t\t\t<\/span>\n\t\t<\/div>\n\t\t\t\t\t\t<\/div>\n\t\t\t\t<div class=\"elementor-element elementor-element-6629e72 elementor-widget elementor-widget-text-editor\" data-id=\"6629e72\" data-element_type=\"widget\" data-e-type=\"widget\" data-widget_type=\"text-editor.default\">\n\t\t\t\t\t\t\t\t\t<p class=\"p1\">More \u0130\u00e7 Mimarl\u0131k olarak ba\u015far\u0131m\u0131z\u0131n temelinde yarat\u0131c\u0131 d\u00fc\u015f\u00fcnceyi, estetik bak\u0131\u015f a\u00e7\u0131s\u0131n\u0131 ve g\u00fc\u00e7l\u00fc ekip ruhunu bir araya getiren insan kayna\u011f\u0131m\u0131z\u0131n oldu\u011funa inan\u0131yoruz.<\/p><p class=\"p1\">Modern tasar\u0131m anlay\u0131\u015f\u0131n\u0131 benimseyen, yenilik\u00e7i bak\u0131\u015f a\u00e7\u0131s\u0131na sahip ve geli\u015fime a\u00e7\u0131k ekip arkada\u015flar\u0131m\u0131zla birlikte \u00fcretmeye ve b\u00fcy\u00fcmeye devam ediyoruz.<\/p><p class=\"p1\">\u0130\u00e7 mimarl\u0131k, tasar\u0131m ve uygulama s\u00fcre\u00e7lerinde fark yaratmak; ilham veren ya\u015fam alanlar\u0131 tasarlayan profesyonel bir ekibin par\u00e7as\u0131 olmak istiyorsan\u0131z ba\u015fvurular\u0131n\u0131z\u0131 bizimle payla\u015fabilirsiniz. <a class=\"text-underline is-hover\" href=\"mailto:kariyer@moreicmimarlik.com\">kariyer@moreicmimarlik.com<\/a><\/p>\t\t\t\t\t\t\t\t<\/div>\n\t\t\t\t\t<\/div>\n\t\t<\/div>\n\t\t\t\t<div class=\"elementor-column elementor-col-50 elementor-top-column elementor-element elementor-element-05f99d5\" data-id=\"05f99d5\" data-element_type=\"column\" data-e-type=\"column\">\n\t\t\t<div class=\"elementor-widget-wrap elementor-element-populated\">\n\t\t\t\t\t\t<div class=\"elementor-element elementor-element-3550f5c elementor-widget elementor-widget-spacer\" data-id=\"3550f5c\" data-element_type=\"widget\" data-e-type=\"widget\" data-widget_type=\"spacer.default\">\n\t\t\t\t\t\t\t<div class=\"elementor-spacer\">\n\t\t\t<div class=\"elementor-spacer-inner\"><\/div>\n\t\t<\/div>\n\t\t\t\t\t\t<\/div>\n\t\t\t\t<div class=\"elementor-element elementor-element-ea273a2 elementor-widget elementor-widget-shortcode\" data-id=\"ea273a2\" data-element_type=\"widget\" data-e-type=\"widget\" data-widget_type=\"shortcode.default\">\n\t\t\t\t\t\t\t<div class=\"elementor-shortcode\">\n<div class=\"wpcf7 no-js\" id=\"wpcf7-f6-o1\" lang=\"en-US\" dir=\"ltr\" data-wpcf7-id=\"6\">\n<div class=\"screen-reader-response\"><p role=\"status\" aria-live=\"polite\" aria-atomic=\"true\"><\/p> <ul><\/ul><\/div>\n<form action=\"\/index.php\/wp-json\/wp\/v2\/pages\/1317#wpcf7-f6-o1\" method=\"post\" class=\"wpcf7-form init\" aria-label=\"Contact form\" novalidate=\"novalidate\" data-status=\"init\">\n<fieldset class=\"hidden-fields-container\"><input type=\"hidden\" name=\"_wpcf7\" value=\"6\" \/><input type=\"hidden\" name=\"_wpcf7_version\" value=\"6.1.5\" \/><input type=\"hidden\" name=\"_wpcf7_locale\" value=\"en_US\" \/><input type=\"hidden\" name=\"_wpcf7_unit_tag\" value=\"wpcf7-f6-o1\" \/><input type=\"hidden\" name=\"_wpcf7_container_post\" value=\"0\" \/><input type=\"hidden\" name=\"_wpcf7_posted_data_hash\" value=\"\" \/>\n<\/fieldset>\n<div class=\"rams-form-inner\">\n\t<p><span class=\"wpcf7-form-control-wrap\" data-name=\"ad\"><input size=\"40\" maxlength=\"400\" class=\"wpcf7-form-control wpcf7-text wpcf7-validates-as-required\" aria-required=\"true\" aria-invalid=\"false\" placeholder=\"Ad\u0131n\u0131z\" value=\"\" type=\"text\" name=\"ad\" \/><\/span><br \/>\n<span class=\"wpcf7-form-control-wrap\" data-name=\"soyad\"><input size=\"40\" maxlength=\"400\" class=\"wpcf7-form-control wpcf7-text wpcf7-validates-as-required\" aria-required=\"true\" aria-invalid=\"false\" placeholder=\"Soyad\u0131n\u0131z\" value=\"\" type=\"text\" name=\"soyad\" \/><\/span><br \/>\n<span class=\"wpcf7-form-control-wrap\" data-name=\"email\"><input size=\"40\" maxlength=\"400\" class=\"wpcf7-form-control wpcf7-email wpcf7-validates-as-required wpcf7-text wpcf7-validates-as-email\" aria-required=\"true\" aria-invalid=\"false\" placeholder=\"E-Posta\" value=\"\" type=\"email\" name=\"email\" \/><\/span><br \/>\n<span class=\"wpcf7-form-control-wrap\" data-name=\"telefon\"><input size=\"40\" maxlength=\"400\" class=\"wpcf7-form-control wpcf7-tel wpcf7-validates-as-required wpcf7-text wpcf7-validates-as-tel\" aria-required=\"true\" aria-invalid=\"false\" placeholder=\"+90 5__ ___ __ __\" value=\"\" type=\"tel\" name=\"telefon\" \/><\/span>\n\t<\/p>\n\t<p class=\"rams-info\"><br \/>\nL\u00fctfen formu doldurmadan \u00f6nce <a href=\"\/index.php\/kvkk\">ayd\u0131nlatma metnini<\/a> okuyunuz.\n\t<\/p>\n\t<p><span class=\"wpcf7-form-control-wrap\" data-name=\"kvkk\"><span class=\"wpcf7-form-control wpcf7-acceptance\"><span class=\"wpcf7-list-item\"><label><input type=\"checkbox\" name=\"kvkk\" value=\"1\" checked=\"checked\" aria-invalid=\"false\" \/><span class=\"wpcf7-list-item-label\">Ayd\u0131nlatma metni do\u011frultusunda verilerimin pazarlama, reklam, kampanya ama\u00e7lar\u0131 ile i\u015flenmesine a\u00e7\u0131k izin veriyorum.<\/span><\/label><\/span><\/span><\/span>\n\t<\/p>\n\t<div class=\"rams-channels\">\n\t\t<p><span class=\"wpcf7-form-control-wrap\" data-name=\"iletisim-kanali\"><span class=\"wpcf7-form-control wpcf7-checkbox\"><span class=\"wpcf7-list-item first\"><label><input type=\"checkbox\" name=\"iletisim-kanali[]\" value=\"Sms\" checked=\"checked\" \/><span class=\"wpcf7-list-item-label\">Sms<\/span><\/label><\/span><span class=\"wpcf7-list-item\"><label><input type=\"checkbox\" name=\"iletisim-kanali[]\" value=\"E-Posta\" checked=\"checked\" \/><span class=\"wpcf7-list-item-label\">E-Posta<\/span><\/label><\/span><span class=\"wpcf7-list-item\"><label><input type=\"checkbox\" name=\"iletisim-kanali[]\" value=\"Telefon\" checked=\"checked\" \/><span class=\"wpcf7-list-item-label\">Telefon<\/span><\/label><\/span><span class=\"wpcf7-list-item last\"><label><input type=\"checkbox\" name=\"iletisim-kanali[]\" value=\"Whatsapp\" checked=\"checked\" \/><span class=\"wpcf7-list-item-label\">Whatsapp<\/span><\/label><\/span><\/span><\/span>\n\t\t<\/p>\n\t<\/div>\n\t<p><span class=\"wpcf7-form-control-wrap\" data-name=\"ticari\"><span class=\"wpcf7-form-control wpcf7-acceptance optional\"><span class=\"wpcf7-list-item\"><label><input type=\"checkbox\" name=\"ticari\" value=\"1\" aria-invalid=\"false\" \/><span class=\"wpcf7-list-item-label\">Ticari elektronik ileti metnini okudum, onayl\u0131yorum.<\/span><\/label><\/span><\/span><\/span>\n\t<\/p>\n\t<p><input class=\"wpcf7-form-control wpcf7-submit has-spinner rafina-submit-btn\" id=\"rafinaSubmit\" type=\"submit\" value=\"TALEP G\u00d6NDER\" \/>\n\t<\/p>\n<\/div><p style=\"display: none !important;\" class=\"akismet-fields-container\" data-prefix=\"_wpcf7_ak_\"><label>\u0394<textarea name=\"_wpcf7_ak_hp_textarea\" cols=\"45\" rows=\"8\" maxlength=\"100\"><\/textarea><\/label><input type=\"hidden\" id=\"ak_js_1\" name=\"_wpcf7_ak_js\" value=\"133\"\/><script type=\"text\/javascript\">\n\/* <![CDATA[ *\/\ndocument.getElementById( \"ak_js_1\" ).setAttribute( \"value\", ( new Date() ).getTime() );\n\/* ]]> *\/\n<\/script>\n<\/p><div class=\"wpcf7-response-output\" aria-hidden=\"true\"><\/div>\n<\/form>\n<\/div>\n<\/div>\n\t\t\t\t\t\t<\/div>\n\t\t\t\t\t<\/div>\n\t\t<\/div>\n\t\t\t\t\t<\/div>\n\t\t<\/section>\n\t\t\t\t<section class=\"elementor-section elementor-top-section elementor-element elementor-element-2a6a664 elementor-section-boxed elementor-section-height-default elementor-section-height-default\" data-id=\"2a6a664\" data-element_type=\"section\" data-e-type=\"section\">\n\t\t\t\t\t\t<div class=\"elementor-container elementor-column-gap-default\">\n\t\t\t\t\t<div class=\"elementor-column elementor-col-100 elementor-top-column elementor-element elementor-element-c684ed4\" data-id=\"c684ed4\" data-element_type=\"column\" data-e-type=\"column\">\n\t\t\t<div class=\"elementor-widget-wrap elementor-element-populated\">\n\t\t\t\t\t\t<div class=\"elementor-element elementor-element-7652754 elementor-widget elementor-widget-spacer\" data-id=\"7652754\" data-element_type=\"widget\" data-e-type=\"widget\" data-widget_type=\"spacer.default\">\n\t\t\t\t\t\t\t<div class=\"elementor-spacer\">\n\t\t\t<div class=\"elementor-spacer-inner\"><\/div>\n\t\t<\/div>\n\t\t\t\t\t\t<\/div>\n\t\t\t\t<div class=\"elementor-element elementor-element-f6171c8 elementor-widget elementor-widget-image\" data-id=\"f6171c8\" data-element_type=\"widget\" data-e-type=\"widget\" data-widget_type=\"image.default\">\n\t\t\t\t\t\t\t\t\t\t\t\t\t\t\t<img fetchpriority=\"high\" decoding=\"async\" width=\"1920\" height=\"300\" src=\"https:\/\/moreicmimarlik.com\/wp-content\/uploads\/2026\/05\/raffina-sirketler.png\" class=\"attachment-full size-full wp-image-3379\" alt=\"raffina-sirketler\" srcset=\"https:\/\/moreicmimarlik.com\/wp-content\/uploads\/2026\/05\/raffina-sirketler.png 1920w, https:\/\/moreicmimarlik.com\/wp-content\/uploads\/2026\/05\/raffina-sirketler-300x47.png 300w, https:\/\/moreicmimarlik.com\/wp-content\/uploads\/2026\/05\/raffina-sirketler-1024x160.png 1024w, https:\/\/moreicmimarlik.com\/wp-content\/uploads\/2026\/05\/raffina-sirketler-768x120.png 768w, https:\/\/moreicmimarlik.com\/wp-content\/uploads\/2026\/05\/raffina-sirketler-1536x240.png 1536w\" sizes=\"(max-width: 1920px) 100vw, 1920px\" \/>\t\t\t\t\t\t\t\t\t\t\t\t\t\t\t<\/div>\n\t\t\t\t<div class=\"elementor-element elementor-element-003514f elementor-widget elementor-widget-spacer\" data-id=\"003514f\" data-element_type=\"widget\" data-e-type=\"widget\" data-widget_type=\"spacer.default\">\n\t\t\t\t\t\t\t<div class=\"elementor-spacer\">\n\t\t\t<div class=\"elementor-spacer-inner\"><\/div>\n\t\t<\/div>\n\t\t\t\t\t\t<\/div>\n\t\t\t\t\t<\/div>\n\t\t<\/div>\n\t\t\t\t\t<\/div>\n\t\t<\/section>\n\t\t\t\t<\/div>\n\t\t","protected":false},"excerpt":{"rendered":"<p>H\u0130ZMETLER\u0130M\u0130Z Ekibimizin Bir Par\u00e7as\u0131 Olun More \u0130\u00e7 Mimarl\u0131k olarak ba\u015far\u0131m\u0131z\u0131n temelinde yarat\u0131c\u0131 d\u00fc\u015f\u00fcnceyi, estetik bak\u0131\u015f a\u00e7\u0131s\u0131n\u0131 ve g\u00fc\u00e7l\u00fc ekip ruhunu bir araya getiren insan kayna\u011f\u0131m\u0131z\u0131n oldu\u011funa inan\u0131yoruz. Modern tasar\u0131m anlay\u0131\u015f\u0131n\u0131 benimseyen, yenilik\u00e7i bak\u0131\u015f a\u00e7\u0131s\u0131na sahip ve geli\u015fime a\u00e7\u0131k ekip arkada\u015flar\u0131m\u0131zla birlikte \u00fcretmeye ve b\u00fcy\u00fcmeye devam ediyoruz. \u0130\u00e7 mimarl\u0131k, tasar\u0131m ve uygulama s\u00fcre\u00e7lerinde fark yaratmak; ilham [&hellip;]<\/p>\n","protected":false},"author":1,"featured_media":0,"parent":0,"menu_order":0,"comment_status":"closed","ping_status":"closed","template":"","meta":{"footnotes":""},"class_list":["post-1317","page","type-page","status-publish","hentry"],"_links":{"self":[{"href":"https:\/\/moreicmimarlik.com\/index.php\/wp-json\/wp\/v2\/pages\/1317","targetHints":{"allow":["GET"]}}],"collection":[{"href":"https:\/\/moreicmimarlik.com\/index.php\/wp-json\/wp\/v2\/pages"}],"about":[{"href":"https:\/\/moreicmimarlik.com\/index.php\/wp-json\/wp\/v2\/types\/page"}],"author":[{"embeddable":true,"href":"https:\/\/moreicmimarlik.com\/index.php\/wp-json\/wp\/v2\/users\/1"}],"replies":[{"embeddable":true,"href":"https:\/\/moreicmimarlik.com\/index.php\/wp-json\/wp\/v2\/comments?post=1317"}],"version-history":[{"count":23,"href":"https:\/\/moreicmimarlik.com\/index.php\/wp-json\/wp\/v2\/pages\/1317\/revisions"}],"predecessor-version":[{"id":3553,"href":"https:\/\/moreicmimarlik.com\/index.php\/wp-json\/wp\/v2\/pages\/1317\/revisions\/3553"}],"wp:attachment":[{"href":"https:\/\/moreicmimarlik.com\/index.php\/wp-json\/wp\/v2\/media?parent=1317"}],"curies":[{"name":"wp","href":"https:\/\/api.w.org\/{rel}","templated":true}]}}